{"id":3543,"date":"2024-08-23T14:58:14","date_gmt":"2024-08-23T11:58:14","guid":{"rendered":"https:\/\/nds-service.com\/?page_id=3543"},"modified":"2025-02-19T12:36:55","modified_gmt":"2025-02-19T09:36:55","slug":"electropolish-ro","status":"publish","type":"page","link":"https:\/\/nds-service.com\/?page_id=3543","title":{"rendered":"Electropolish &#8211; RO"},"content":{"rendered":"<div class=\"section-full-width section-custom\" style=\"\" id=\"section-1\"><div class=\"section-boxed\" style=\"color:#;\"><\/p>\n<h5 style=\"text-align: center;\">\u00cen procesul de produc\u021bie a \u0219abloanelor SMT, t\u0103ierea cu laser, de\u0219i precis\u0103, las\u0103 \u00een urma sa micro-bavuri pe pere\u021bii aperturilor.<\/h5>\n<h5 style=\"text-align: center;\">Aceste imperfec\u021biuni pot afecta semnificativ calitatea imprim\u0103rii pastei de lipit \u0219i, implicit, fiabilitatea ansamblului electronic final.<\/h5>\n<h5 style=\"text-align: center;\">Pentru a dep\u0103\u0219i aceast\u0103 limit\u0103, NDS introduce tratamentul de electrolustruire, o solu\u021bie inovatoare care ofer\u0103 \u0219abloanelor o suprafa\u021b\u0103 neted\u0103 \u0219i uniform\u0103, optimiz\u00e2nd astfel procesul de lipire SMD.<\/h5>\n<h5 style=\"text-align: center;\">Electrolustruirea este un proces electrochimic care \u00eendep\u0103rteaz\u0103 materialul de la suprafa\u021ba unui metal, rezult\u00e2nd o finisare lucioas\u0103 \u0219i o reducere semnificativ\u0103 a rugozit\u0103\u021bii.<\/h5>\n<h5 style=\"text-align: center;\"><\/h5>\n<p>\n<\/div><\/div>\n<div class=\"section-full-width section-light parallax-fixed\" style=\"background-color:#f7f7f7;\" id=\"section-2\"><div style=\"background-image:url(http:\/\/nds-service.com\/wp-content\/uploads\/electropolish-scaled.jpg); opacity:0.2; filter: alpha(opacity=20);\" class=\"full-bg-image\" ><\/div><div class=\"section-boxed\" style=\"color:#777777;\"><div class=\"services-wrapper services-default cols-wrapper cols-4 pexeto-parallax\"><div class=\"services-box col\"><div class=\"img-container\"><img decoding=\"async\" src=\"http:\/\/nds-service.com\/wp-content\/uploads\/Accuracy-col-1.png\" alt=\"Precizie \u00eembun\u0103t\u0103\u021bit\u0103\"\/><\/div><div class=\"services-content\"><div class=\"sc-wraper\"><h3>Precizie \u00eembun\u0103t\u0103\u021bit\u0103<\/h3><p>Prin reducerea rugozit\u0103\u021bii cu p\u00e2n\u0103 la 50%, electrolustruirea permite o distribu\u021bie uniform\u0103 a pastei de lipit \u00een interiorul aperturilor, chiar \u0219i cele mai mici. Acest lucru este esen\u021bial pentru componentele SMD cu pitch-uri fine, asigur\u00e2nd o plasare precis\u0103 \u0219i un contact electric de \u00eenalt\u0103 calitate<\/p><\/div><\/div><\/div><div class=\"services-box col\"><div class=\"img-container\"><img decoding=\"async\" src=\"http:\/\/nds-service.com\/wp-content\/uploads\/Quality-col.png\" alt=\"Durabilitate crescut\u0103\"\/><\/div><div class=\"services-content\"><div class=\"sc-wraper\"><h3>Durabilitate crescut\u0103<\/h3><p>Tratamentul de suprafa\u021b\u0103 ob\u021binut prin electrolustruire este rezistent la coroziune \u0219i abraziune, prelungind astfel durata de via\u021b\u0103 a \u0219ablonului \u0219i reduc\u00e2nd costurile de \u00eenlocuire<\/p><\/div><\/div><\/div><div class=\"services-box col\"><div class=\"img-container\"><img decoding=\"async\" src=\"http:\/\/nds-service.com\/wp-content\/uploads\/Usability-col.png\" alt=\"Cur\u0103\u021bare u\u0219oar\u0103\"\/><\/div><div class=\"services-content\"><div class=\"sc-wraper\"><h3>Cur\u0103\u021bare u\u0219oar\u0103<\/h3><p>Tratamentul de suprafa\u021b\u0103 ob\u021binut prin electrolustruire este rezistent la coroziune \u0219i abraziune, prelungind astfel durata de via\u021b\u0103 a \u0219ablonului \u0219i reduc\u00e2nd costurile de \u00eenlocuire<\/p><\/div><\/div><\/div><div class=\"services-box col nomargin\"><div class=\"img-container\"><img decoding=\"async\" src=\"http:\/\/nds-service.com\/wp-content\/uploads\/Flexibility-col.png\" alt=\"Eficien\u021b\u0103 sporit\u0103\"\/><\/div><div class=\"services-content\"><div class=\"sc-wraper\"><h3>Eficien\u021b\u0103 sporit\u0103<\/h3><p>Prin optimizarea procesului de eliberare a pastei de lipit, electrolustruirea contribuie la cre\u0219terea eficien\u021bei produc\u021biei \u0219i la reducerea defect\u0103rii componentelor<\/p><\/div><\/div><\/div><div class=\"clear\"><\/div><\/div>\n<\/div><\/div>\n<div class=\"section-full-width section-light parallax-fixed\" style=\"background-color:#f7f7f7;\" id=\"section-3\"><div style=\"background-image:url(http:\/\/nds-service.com\/wp-content\/uploads\/background_contact_us.jpg); opacity:0.2; filter: alpha(opacity=20);\" class=\"full-bg-image\" ><\/div><div class=\"section-boxed\" style=\"color:#777777;\"><div class=\"cta-element\"><h4 class=\"cta-small-title\">Pentru orice \u00eentrebare pute\u021bi s\u0103 ne trimite\u021bi un e-mail la<\/h4><h2 class=\"cta-title\">STENCIL@STV-GROUP.COM<\/h2><a class=\"button\" href=\"mailto:stencil@stv-group.com\" target=\"_blank\">contacta\u021bi-ne<\/a><\/div>\n<\/div><\/div>\n","protected":false},"excerpt":{"rendered":"","protected":false},"author":1,"featured_media":0,"parent":0,"menu_order":0,"comment_status":"closed","ping_status":"closed","template":"template-full-custom.php","meta":{"footnotes":""},"class_list":["post-3543","page","type-page","status-publish","hentry"],"_links":{"self":[{"href":"https:\/\/nds-service.com\/index.php?rest_route=\/wp\/v2\/pages\/3543","targetHints":{"allow":["GET"]}}],"collection":[{"href":"https:\/\/nds-service.com\/index.php?rest_route=\/wp\/v2\/pages"}],"about":[{"href":"https:\/\/nds-service.com\/index.php?rest_route=\/wp\/v2\/types\/page"}],"author":[{"embeddable":true,"href":"https:\/\/nds-service.com\/index.php?rest_route=\/wp\/v2\/users\/1"}],"replies":[{"embeddable":true,"href":"https:\/\/nds-service.com\/index.php?rest_route=%2Fwp%2Fv2%2Fcomments&post=3543"}],"version-history":[{"count":0,"href":"https:\/\/nds-service.com\/index.php?rest_route=\/wp\/v2\/pages\/3543\/revisions"}],"wp:attachment":[{"href":"https:\/\/nds-service.com\/index.php?rest_route=%2Fwp%2Fv2%2Fmedia&parent=3543"}],"curies":[{"name":"wp","href":"https:\/\/api.w.org\/{rel}","templated":true}]}}