{"id":3344,"date":"2024-08-21T13:55:55","date_gmt":"2024-08-21T10:55:55","guid":{"rendered":"https:\/\/nds-service.com\/?page_id=3344"},"modified":"2024-08-23T08:41:45","modified_gmt":"2024-08-23T05:41:45","slug":"privacy-policy-ro","status":"publish","type":"page","link":"https:\/\/nds-service.com\/?page_id=3344","title":{"rendered":"Privacy Policy &#8211; RO"},"content":{"rendered":"<p><\/p>\r\n<h3 class=\"wp-block-heading\"><strong>Cine suntem<\/strong><\/h3>\r\n<p>Adresa site-ului nostru este: <a href=\"http:\/\/nds-service.com\" target=\"_new\" rel=\"noopener\">http:\/\/nds-service.com<\/a>.<\/p>\r\n<h3><strong>Ce date personale colect\u0103m \u0219i de ce le colect\u0103m<\/strong><\/h3>\r\n<p><strong>Comentarii<\/strong><\/p>\r\n<p>C\u00e2nd vizitatorii las\u0103 comentarii pe site, colect\u0103m datele afi\u0219ate \u00een formularul de comentarii, precum \u0219i adresa IP a vizitatorului \u0219i \u0219irul agentului utilizator al browserului pentru a ajuta la detectarea spamului.<\/p>\r\n<p>Un \u0219ir anonimizat creat din adresa dvs. de email (denumit \u0219i hash) poate fi furnizat serviciului Gravatar pentru a verifica dac\u0103 \u00eel utiliza\u021bi. Politica de confiden\u021bialitate a serviciului Gravatar este disponibil\u0103 <a href=\"https:\/\/automattic.com\/privacy\/\">aici<\/a>. Dup\u0103 aprobarea comentariului dvs., poza dvs. de profil este vizibil\u0103 public \u00een contextul comentariului dvs.<\/p>\r\n<p><strong>Media<\/strong><\/p>\r\n<p>Dac\u0103 \u00eenc\u0103rca\u021bi imagini pe site-ul web, ar trebui s\u0103 evita\u021bi \u00eenc\u0103rcarea imaginilor care includ date de loca\u021bie \u00eencorporate (EXIF GPS). Vizitatorii site-ului web pot desc\u0103rca \u0219i extrage orice date de loca\u021bie din imaginile de pe site.<\/p>\r\n<p><strong>Cookie-uri<\/strong><\/p>\r\n<p>Dac\u0103 l\u0103sa\u021bi un comentariu pe site-ul nostru, pute\u021bi opta pentru salvarea numelui, adresei de email \u0219i site-ului web \u00een cookie-uri. Acestea sunt pentru confortul dvs., astfel \u00eenc\u00e2t s\u0103 nu fie nevoie s\u0103 completa\u021bi din nou detaliile atunci c\u00e2nd l\u0103sa\u021bi un alt comentariu. Aceste cookie-uri vor dura un an.<\/p>\r\n<p>Dac\u0103 vizita\u021bi pagina noastr\u0103 de autentificare, vom seta un cookie temporar pentru a determina dac\u0103 browserul dvs. accept\u0103 cookie-uri. Acest cookie nu con\u021bine date personale \u0219i este eliminat c\u00e2nd \u00eenchide\u021bi browserul.<\/p>\r\n<p>C\u00e2nd v\u0103 autentifica\u021bi, vom seta \u0219i c\u00e2teva cookie-uri pentru a salva informa\u021biile de autentificare \u0219i op\u021biunile de afi\u0219are pe ecran. Cookie-urile de autentificare dureaz\u0103 dou\u0103 zile, iar cookie-urile pentru op\u021biuni de ecran dureaz\u0103 un an. Dac\u0103 selecta\u021bi &#8220;\u021aine-m\u0103 minte&#8221;, autentificarea dvs. va persista timp de dou\u0103 s\u0103pt\u0103m\u00e2ni. Dac\u0103 v\u0103 deconecta\u021bi din cont, cookie-urile de autentificare vor fi eliminate.<\/p>\r\n<p>Dac\u0103 edita\u021bi sau publica\u021bi un articol, un cookie suplimentar va fi salvat \u00een browserul dvs. Acest cookie nu include date personale \u0219i indic\u0103 pur \u0219i simplu ID-ul post\u0103rii articolului pe care tocmai l-a\u021bi editat. Expir\u0103 dup\u0103 1 zi.<\/p>\r\n<p><strong>Con\u021binut \u00eencorporat de pe alte site-uri web<\/strong><\/p>\r\n<p>Articolele de pe acest site pot include con\u021binut \u00eencorporat (de ex. videoclipuri, imagini, articole etc.). Con\u021binutul \u00eencorporat de pe alte site-uri web se comport\u0103 exact la fel ca \u0219i cum vizitatorul a accesat direct site-ul respectiv.<\/p>\r\n<p>Aceste site-uri web pot colecta date despre dvs., pot folosi cookie-uri, pot \u00eencorpora urm\u0103rirea suplimentar\u0103 de c\u0103tre ter\u021bi \u0219i pot monitoriza interac\u021biunea dvs. cu acel con\u021binut \u00eencorporat, inclusiv urm\u0103rirea interac\u021biunii dvs. cu con\u021binutul \u00eencorporat dac\u0103 ave\u021bi un cont \u0219i sunte\u021bi autentificat pe acel site.<\/p>\r\n<h3><strong>C\u00e2t timp p\u0103str\u0103m datele dvs.<\/strong><\/h3>\r\n<p>Dac\u0103 l\u0103sa\u021bi un comentariu, comentariul \u0219i metadatele sale sunt p\u0103strate pe termen nelimitat. Acest lucru este necesar pentru a recunoa\u0219te \u0219i aproba automat orice comentariu ulterior, \u00een loc s\u0103-l re\u021binem \u00eentr-o coad\u0103 de moderare.<\/p>\r\n<p>Pentru utilizatorii care se \u00eenregistreaz\u0103 pe site-ul nostru (dac\u0103 exist\u0103), stoc\u0103m, de asemenea, informa\u021biile personale pe care le furnizeaz\u0103 \u00een profilul lor de utilizator. To\u021bi utilizatorii \u00ee\u0219i pot vedea, edita sau \u0219terge informa\u021biile personale \u00een orice moment (cu excep\u021bia cazului \u00een care nu pot schimba numele de utilizator). Administratorii site-ului pot, de asemenea, s\u0103 vad\u0103 \u0219i s\u0103 editeze aceste informa\u021bii.<\/p>\r\n<h3><strong>Ce drepturi ave\u021bi asupra datelor dvs.<\/strong><\/h3>\r\n<p>Dac\u0103 ave\u021bi un cont pe acest site sau a\u021bi l\u0103sat comentarii, pute\u021bi solicita s\u0103 primi\u021bi un fi\u0219ier exportat cu datele personale pe care le de\u021binem despre dvs., inclusiv orice date pe care ni le-a\u021bi furnizat. De asemenea, pute\u021bi solicita s\u0103 \u0219tergem orice date personale pe care le de\u021binem despre dvs. Acest lucru nu include datele pe care suntem obliga\u021bi s\u0103 le p\u0103str\u0103m \u00een scopuri administrative, legale sau de securitate.<\/p>\r\n<p>Unde trimitem datele dvs.<\/p>\r\n<p>Comentariile vizitatorilor pot fi verificate printr-un serviciu automat de detectare a spamului.<\/p>\r\n<p><\/p>","protected":false},"excerpt":{"rendered":"<p>Cine suntem Adresa site-ului nostru este: http:\/\/nds-service.com. Ce date personale colect\u0103m \u0219i de ce le colect\u0103m Comentarii C\u00e2nd vizitatorii las\u0103 [&hellip;]<\/p>\n","protected":false},"author":1,"featured_media":0,"parent":0,"menu_order":0,"comment_status":"closed","ping_status":"closed","template":"","meta":{"footnotes":""},"class_list":["post-3344","page","type-page","status-publish","hentry"],"_links":{"self":[{"href":"https:\/\/nds-service.com\/index.php?rest_route=\/wp\/v2\/pages\/3344","targetHints":{"allow":["GET"]}}],"collection":[{"href":"https:\/\/nds-service.com\/index.php?rest_route=\/wp\/v2\/pages"}],"about":[{"href":"https:\/\/nds-service.com\/index.php?rest_route=\/wp\/v2\/types\/page"}],"author":[{"embeddable":true,"href":"https:\/\/nds-service.com\/index.php?rest_route=\/wp\/v2\/users\/1"}],"replies":[{"embeddable":true,"href":"https:\/\/nds-service.com\/index.php?rest_route=%2Fwp%2Fv2%2Fcomments&post=3344"}],"version-history":[{"count":0,"href":"https:\/\/nds-service.com\/index.php?rest_route=\/wp\/v2\/pages\/3344\/revisions"}],"wp:attachment":[{"href":"https:\/\/nds-service.com\/index.php?rest_route=%2Fwp%2Fv2%2Fmedia&parent=3344"}],"curies":[{"name":"wp","href":"https:\/\/api.w.org\/{rel}","templated":true}]}}