{"id":3334,"date":"2024-08-21T13:36:23","date_gmt":"2024-08-21T10:36:23","guid":{"rendered":"https:\/\/nds-service.com\/?page_id=3334"},"modified":"2024-08-23T08:44:07","modified_gmt":"2024-08-23T05:44:07","slug":"cookie-policy-ro","status":"publish","type":"page","link":"https:\/\/nds-service.com\/?page_id=3334","title":{"rendered":"Cookie Policy &#8211; RO"},"content":{"rendered":"<div class=\"cli_pg_page_contaner\">\n<h3><strong>Despre aceast\u0103 politic\u0103 de cookie-uri<\/strong><\/h3>\n<div>\n<p>Aceast\u0103 politic\u0103 de cookie-uri explic\u0103 ce sunt cookie-urile \u0219i cum le folosim. Ar trebui s\u0103 citi\u021bi aceast\u0103 politic\u0103 pentru a \u00een\u021belege ce sunt cookie-urile, cum le folosim, tipurile de cookie-uri pe care le folosim, adic\u0103 informa\u021biile pe care le colect\u0103m folosind cookie-uri \u0219i cum sunt folosite aceste informa\u021bii \u0219i cum s\u0103 controla\u021bi preferin\u021bele de cookie-uri. Pentru mai multe informa\u021bii despre cum folosim, stoc\u0103m \u0219i p\u0103str\u0103m datele dvs. personale \u00een siguran\u021b\u0103, consulta\u021bi Politica noastr\u0103 de confiden\u021bialitate.<\/p>\n<p>Surse \u0219i con\u021binut asociat<\/p>\n<p>Pute\u021bi modifica sau retrage oric\u00e2nd consim\u021b\u0103m\u00e2ntul dvs. din Declara\u021bia privind cookie-urile de pe site-ul nostru web.<\/p>\n<p>Afla\u021bi mai multe despre cine suntem, cum ne pute\u021bi contacta \u0219i cum proces\u0103m datele personale \u00een Politica noastr\u0103 de confiden\u021bialitate.<\/p>\n<p>Consim\u021b\u0103m\u00e2ntul dvs. se aplic\u0103 urm\u0103toarelor domenii: <a href=\"http:\/\/nds-service.com\">nds-service.com<\/a><\/p>\n<div class=\"cli_user_consent_state\">Your current state: No consent given. <a class=\"cli_manage_current_consent\" style=\"cursor:pointer;text-decoration:underline;\">Manage your consent.<\/a> <\/div>\n<\/div>\n<h3><strong>Ce sunt cookie-urile?<\/strong><\/h3>\n<div>\n<p>Cookie-urile sunt mici fi\u0219iere text care sunt folosite pentru a stoca mici fragmente de informa\u021bie. Cookie-urile sunt stocate pe dispozitivul dumneavoastr\u0103 atunci c\u00e2nd site-ul web este \u00eenc\u0103rcat \u00een browser-ul dumneavoastr\u0103. Aceste cookie-uri ne ajut\u0103 s\u0103 facem site-ul web s\u0103 func\u021bioneze corect, s\u0103 \u00eel facem mai sigur, s\u0103 oferim o experien\u021b\u0103 de utilizare mai bun\u0103 \u0219i s\u0103 \u00een\u021belegem cum func\u021bioneaz\u0103 site-ul web \u0219i s\u0103 analiz\u0103m ce func\u021bioneaz\u0103 \u0219i unde este nevoie de \u00eembun\u0103t\u0103\u021biri.<\/p>\n<\/div>\n<h3><strong>Cum folosim cookie-urile?<\/strong><\/h3>\n<div>\n<p>Ca majoritatea serviciilor online, site-ul nostru web folose\u0219te cookie-uri proprii \u0219i cookie-uri ter\u021be pentru o serie de scopuri. Cookie-urile proprii sunt \u00een mare parte necesare pentru func\u021bionarea corect\u0103 a site-ului web \u0219i nu colecteaz\u0103 niciuna dintre datele dumneavoastr\u0103 personale identificabile.<\/p>\n<p>Cookie-urile ter\u021be utilizate pe site-urile noastre web sunt utilizate \u00een principal pentru a \u00een\u021belege cum func\u021bioneaz\u0103 site-ul web, cum interac\u021biona\u021bi cu site-ul nostru, pentru a p\u0103stra serviciile noastre securizate, pentru a furniza anun\u021buri relevante pentru dumneavoastr\u0103 \u0219i, \u00een general, pentru a v\u0103 oferi o experien\u021b\u0103 de utilizator mai bun\u0103 \u0219i \u00eembun\u0103t\u0103\u021bit\u0103, precum \u0219i pentru a accelera interac\u021biunile viitoare cu site-ul nostru web.<\/p>\n<\/div>\n<h3><strong>Ce tipuri de cookie-uri folosim?<\/strong><\/h3>\n<div>\n<p><strong>Esen\u021biale<\/strong>: Unele cookie-uri sunt esen\u021biale pentru a putea experimenta \u00eentreaga func\u021bionalitate a site-ului nostru. Ele ne permit s\u0103 men\u021binem sesiunile utilizatorilor \u0219i s\u0103 prevenim orice amenin\u021b\u0103ri la adresa securit\u0103\u021bii. Acestea nu colecteaz\u0103 sau stocheaz\u0103 informa\u021bii personale. De exemplu, aceste cookie-uri \u00ee\u021bi permit s\u0103 te conectezi la contul t\u0103u, s\u0103 adaugi produse \u00een co\u0219 \u0219i s\u0103 finalizezi comanda \u00een siguran\u021b\u0103.<\/p>\n<p><strong>Statistici<\/strong>: Aceste cookie-uri stocheaz\u0103 informa\u021bii precum num\u0103rul de vizitatori ai site-ului, num\u0103rul de vizitatori unici, care pagini ale site-ului au fost vizitate, sursa vizitei etc. Aceste date ne ajut\u0103 s\u0103 \u00een\u021belegem \u0219i s\u0103 analiz\u0103m c\u00e2t de bine func\u021bioneaz\u0103 site-ul \u0219i unde este nevoie de \u00eembun\u0103t\u0103\u021biri.<\/p>\n<p><strong>Marketing<\/strong>: Site-ul nostru afi\u0219eaz\u0103 reclame. Aceste cookie-uri sunt folosite pentru a personaliza reclamele pe care \u021bi le ar\u0103t\u0103m, astfel \u00eenc\u00e2t s\u0103 fie relevante pentru tine. Aceste cookie-uri ne ajut\u0103, de asemenea, s\u0103 urm\u0103rim eficien\u021ba acestor campanii publicitare.<\/p>\n<p><strong>Informa\u021biile<\/strong> stocate \u00een aceste cookie-uri pot fi utilizate \u0219i de furnizorii de reclame ter\u021bi pentru a-\u021bi ar\u0103ta reclame pe alte site-uri web \u00een browserul t\u0103u.<\/p>\n<p><strong>Func\u021bionale<\/strong>: Acestea sunt cookie-urile care ajut\u0103 la activarea unor func\u021bionalit\u0103\u021bi non-esen\u021biale pe site-ul nostru. Aceste func\u021bionalit\u0103\u021bi includ integrarea de con\u021binut precum videoclipuri sau partajarea con\u021binutului site-ului pe platformele de socializare.<\/p>\n<p><strong>Preferin\u021be<\/strong>: Aceste cookie-uri ne ajut\u0103 s\u0103 stoc\u0103m set\u0103rile \u0219i preferin\u021bele tale de navigare, cum ar fi preferin\u021bele lingvistice, astfel \u00eenc\u00e2t s\u0103 ai o experien\u021b\u0103 mai bun\u0103 \u0219i mai eficient\u0103 la vizitele viitoare pe site.<\/p>\n\n<\/div>\n<h3><strong>Cum pot controla preferin\u021bele pentru cookie-uri?<\/strong><\/h3>\n<div>\n<p>Dac\u0103 dore\u0219ti s\u0103 \u00ee\u021bi schimbi preferin\u021bele ulterior \u00een timpul sesiunii de navigare, po\u021bi face clic pe fila &#8220;Politica de confiden\u021bialitate \u0219i cookie-uri&#8221; de pe ecranul t\u0103u. Acest lucru va afi\u0219a din nou notificarea de consim\u021b\u0103m\u00e2nt, permi\u021b\u00e2ndu-\u021bi s\u0103 \u00ee\u021bi schimbi preferin\u021bele sau s\u0103 \u00ee\u021bi retragi consim\u021b\u0103m\u00e2ntul \u00een totalitate.<\/p>\n<p>\u00cen plus, diferite browsere ofer\u0103 metode diferite pentru a bloca \u0219i \u0219terge cookie-urile utilizate de site-uri web. Po\u021bi modifica set\u0103rile browserului t\u0103u pentru a bloca\/\u0219terge cookie-urile. Pentru a afla mai multe despre cum s\u0103 gestionezi \u0219i s\u0103 \u0219tergi cookie-urile, viziteaz\u0103 <a href=\"https:\/\/en.wikipedia.org\/wiki\/HTTP_cookie\" target=\"_blank\" rel=\"nofollow noopener noreferrer\">wikipedia.org<\/a>, <a href=\"http:\/\/www.allaboutcookies.org\/\" target=\"_blank\" rel=\"nofollow noopener noreferrer\">www.allaboutcookies.org.<\/a><\/p>\n<\/div>\n<\/div>\n","protected":false},"excerpt":{"rendered":"<p>Despre aceast\u0103 politic\u0103 de cookie-uri Aceast\u0103 politic\u0103 de cookie-uri explic\u0103 ce sunt cookie-urile \u0219i cum le folosim. Ar trebui s\u0103 [&hellip;]<\/p>\n","protected":false},"author":1,"featured_media":0,"parent":0,"menu_order":0,"comment_status":"closed","ping_status":"closed","template":"","meta":{"footnotes":""},"class_list":["post-3334","page","type-page","status-publish","hentry"],"_links":{"self":[{"href":"https:\/\/nds-service.com\/index.php?rest_route=\/wp\/v2\/pages\/3334","targetHints":{"allow":["GET"]}}],"collection":[{"href":"https:\/\/nds-service.com\/index.php?rest_route=\/wp\/v2\/pages"}],"about":[{"href":"https:\/\/nds-service.com\/index.php?rest_route=\/wp\/v2\/types\/page"}],"author":[{"embeddable":true,"href":"https:\/\/nds-service.com\/index.php?rest_route=\/wp\/v2\/users\/1"}],"replies":[{"embeddable":true,"href":"https:\/\/nds-service.com\/index.php?rest_route=%2Fwp%2Fv2%2Fcomments&post=3334"}],"version-history":[{"count":0,"href":"https:\/\/nds-service.com\/index.php?rest_route=\/wp\/v2\/pages\/3334\/revisions"}],"wp:attachment":[{"href":"https:\/\/nds-service.com\/index.php?rest_route=%2Fwp%2Fv2%2Fmedia&parent=3334"}],"curies":[{"name":"wp","href":"https:\/\/api.w.org\/{rel}","templated":true}]}}