{"id":3193,"date":"2024-05-24T12:03:24","date_gmt":"2024-05-24T09:03:24","guid":{"rendered":"https:\/\/nds-service.com\/?page_id=3193"},"modified":"2024-08-23T09:56:28","modified_gmt":"2024-08-23T06:56:28","slug":"home-hu","status":"publish","type":"page","link":"http:\/\/nds-service.com\/?page_id=3193&lang=hu","title":{"rendered":"Home &#8211; HU"},"content":{"rendered":"<div class=\"section-full-width section-light2\" style=\"background-color:#f7f7f7;\" id=\"netdigitalservice\"><div class=\"section-boxed\" style=\"color:#777777;\"><h2 class=\"section-title\" style=\"color:#252525;\">Net Digital Service<\/h2><h4 style=\"color:#252525;\" class=\"sub-title\">Tev\u00e9kenzs\u00e9gi K\u00f6r<\/h4><\/p>\n<h5 style=\"text-align: center;\">Nagyon b\u00fcszk\u00e9k vagyunk arra, hogy az\u00a0<strong><a href=\"https:\/\/www.stv-group.com\/\" target=\"_blank\" rel=\"noopener noreferrer\"><span style=\"color: #ff6600;\">STV Group<\/span><\/a><\/strong> r\u00e9szei vagyunk. Az STV csoport f\u0151 tev\u00e9kenys\u00e9ge az aut\u00f3ipari szitanyom\u00e1s gy\u00e1rt\u00e1sa. T\u00f6bb mint 30 \u00e9ve sikeres \u00e9s hat\u00e9kony egy\u00fcttm\u0171k\u00f6d\u00fcnk, mint eur\u00f3pai nagy gy\u00e1rakkal: Saint Gobain, AGC, Pilkington &#8211; Rom\u00e1nia, &#8211; Olaszorsz\u00e1g , &#8211; Franciaorsz\u00e1g, &#8211; Magyarorsz\u00e1g, Csehorsz\u00e1g, AGP -Soliver: &#8211; Franciaorsz\u00e1g, Belgium, Spanyolorsz\u00e1g, mint eur\u00f3p\u00e1n kiv\u00fcli gy\u00e1rakkal USA: Epredia \u00e9s \u00fajabban a braziliai AGC-vel is.<\/h5>\n<div class=\"services-wrapper services-icon cols-wrapper cols-3 pexeto-parallax\"><div class=\"services-box col\"><a href=\"https:\/\/nds-service.com\/?page_id=3308&#038;lang=hu\"><div class=\"img-container\"><img decoding=\"async\" src=\"http:\/\/nds-service.com\/wp-content\/uploads\/2017\/09\/smt_ico-130x130.png\" alt=\"L\u00e9zerrel v\u00e1gott SMT stencilek\"\/><\/div><\/a><div class=\"services-content\"><div class=\"sc-wraper\"><h3><a href=\"https:\/\/nds-service.com\/?page_id=3308&#038;lang=hu\">L\u00e9zerrel v\u00e1gott SMT stencilek<\/a><\/h3><p>C\u00e9g\u00fcnk rendelkezik a sz\u00fcks\u00e9ges know-how-val mind a l\u00e9zerv\u00e1g\u00e1ssal-, mind a fotok\u00e9miai marat\u00e1ssal el\u0151\u00e1llitott stencilek profeszionalis gy\u00e1rt\u00e1s\u00e1hoz, t\u00f6bb mint 10 \u00e9ve akt\u00edvan jelen vagyunk a nyugat-eur\u00f3pai piacon.<\/p><\/div><\/div><\/div><div class=\"services-box col\"><a href=\"https:\/\/nds-service.com\/?page_id=3325&#038;lang=hu\"><div class=\"img-container\"><img decoding=\"async\" src=\"http:\/\/nds-service.com\/wp-content\/uploads\/2017\/09\/plot_ico-130x130.png\" alt=\"Photoplotting \u2013 nagy m\u00e9ret\u0171 fekete-feh\u00e9r ipari filmek\"\/><\/div><\/a><div class=\"services-content\"><div class=\"sc-wraper\"><h3><a href=\"https:\/\/nds-service.com\/?page_id=3325&#038;lang=hu\">Photoplotting \u2013 nagy m\u00e9ret\u0171 fekete-feh\u00e9r ipari filmek<\/a><\/h3><p>Profeszion\u00e1lis plotterrel - BARCO GIGASETTER: max. 1600 x 2450 mm-es filmeket, nagy felbont\u00e1sban ak\u00e1r 20000 dpi-ig tudunk nyomtatni. B\u00fcszk\u00e9k vagyunk arra, ilyen min\u0151s\u00e9g\u0171 szolg\u00e1ltat\u00e1st ny\u00fajthatunk \u00fcgyfeleinknek, jelenleg nagyon kev\u00e9s ilyen k\u00e9sz\u00fcl\u00e9k talalhat\u00f3 a vil\u00e1gon.<\/p><\/div><\/div><\/div><div class=\"services-box col nomargin\"><a href=\"https:\/\/nds-service.com\/?page_id=3482&#038;lang=hu\"><div class=\"img-container\"><img decoding=\"async\" src=\"http:\/\/nds-service.com\/wp-content\/uploads\/clean-room-130x130.png\" alt=\"Scan Stencil\"\/><\/div><\/a><div class=\"services-content\"><div class=\"sc-wraper\"><h3><a href=\"https:\/\/nds-service.com\/?page_id=3482&#038;lang=hu\">Scan Stencil<\/a><\/h3><p>L\u00e9zeres stencil v\u00e1g\u00e1s 100 %-ban automatikus ellen\u0151rz\u00e9s: v\u00e1g\u00e1s hi\u00e1ny\u00e1t - \/ a v\u00e1g\u00e1s jelenl\u00e9t\u00e9t, helyzet\u00e9t \u00e9s m\u00e9ret\u00e9t illet\u0151en<\/p><\/div><\/div><\/div><div class=\"clear\"><\/div><\/div>\n<p>\n<\/div><\/div>\n<div class=\"section-full-width section-dark\" style=\"background-color:#252525; min-height:800px;\" id=\"section-1\"><div class=\"section-boxed\" style=\"color:#ffffff;\"><\/div><\/div>\n<div class=\"section-full-width section-light parallax-fixed\" style=\"background-color:#ffffff;\" id=\"section-2\"><div style=\"background-image:url(http:\/\/nds-service.com\/wp-content\/uploads\/depositphotos_207151306-stock-photo-testimonials-icon-isolated-special-blue.webp); opacity:0.1; filter: alpha(opacity=10);\" class=\"full-bg-image\" ><\/div><div class=\"section-boxed\" style=\"color:#777777;\"><h4 style=\"color:#1A3954;\" class=\"sub-title\">\u00dcgyfeleink besz\u00e1mol\u00f3i<\/h4><div class=\"testimonial-slider\" data-autoplay=\"true\"><div class=\"testimonial-container no-image\"><div class=\"testimonial-wrapper\"><div class=\"testimonial-info\"><div class=\"testimonials-details\"><h2>Vlad Ionescu<\/h2><span>Fel\u00fcletszerel\u00e9si technol\u00f3giai m\u00e9rn\u00f6k \/ <a href=\"#\">Meferstein<\/a><\/span><\/div><\/div><blockquote><p>T\u00e1j\u00e9koztatom \u00d6n\u00f6ket, hogy a tegnap rendelt sablonok kiv\u00e1ll\u00f3 min\u0151s\u00e9g\u00fcek \u00e9s val\u00f3ban gyors \u00e9s r\u00f6vid volt a sz\u00e1llit\u00e1si id\u0151. K\u00f6sz\u00f6n\u00f6m!<\/p><\/blockquote><\/div><\/div><div class=\"testimonial-container no-image\"><div class=\"testimonial-wrapper\"><div class=\"testimonial-info\"><div class=\"testimonials-details\"><h2>Petru Baciau<\/h2><span>NPI M\u00e9rn\u00f6k \/ <a href=\"https:\/\/www.celestica.com\/\">Celestica<\/a><\/span><\/div><\/div><blockquote><p>Az elm\u00falt \u00e9vekben a Net Digital Service n\u00e9lk\u00fcl\u00f6zhetetlen besz\u00e1ll\u00edt\u00f3nk\u00e1 v\u00e1lt. A 24-48 \u00f3r\u00e1n bel\u00fcli stencil sz\u00e1ll\u00edt\u00e1si id\u0151 kulcsfontoss\u00e1g\u00fa, a mi gy\u00e1rt\u00e1si folyamatunkban.<\/p><\/blockquote><\/div><\/div><\/div>\n<\/div><\/div>\n<div class=\"section-full-width section-light parallax-fixed\" style=\"background-color:#f7f7f7;\" id=\"section-3\"><div style=\"background-image:url(http:\/\/nds-service.com\/wp-content\/uploads\/background_contact_us.jpg); opacity:0.2; filter: alpha(opacity=20);\" class=\"full-bg-image\" ><\/div><div class=\"section-boxed\" style=\"color:#777777;\"><\/p>\n<div class=\"cols-wrapper cols-2\">\n<div class=\"col\">\n<h3>\u00dczleti aj\u00e1nlat<\/h3>\n<ul class=\"bullet_arrow4 imglist\">\n<li>Gyors k\u00e9zbes\u00edt\u00e9s (Nagyv\u00e1radon ak\u00e1r aznapi sz\u00e1ll\u00edt\u00e1ssal, ha id\u0151ben megkapjuk a gerber file-okat), bels\u0151 \u00e9s nemzetk\u00f6zi fut\u00e1rszolg\u00e1lattal<\/li>\n<li>Gyors k\u00e9zbes\u00edt\u00e9s nagyv\u00e1radi c\u00e9geknek (aznapi k\u00e9zbes\u00edt\u00e9s)<\/li>\n<li>Versenyk\u00e9pes \u00e1rak<\/li>\n<li>Sablonok sz\u00e9les v\u00e1laszt\u00e9ka \u2013 k\u00edn\u00e1latunkban egyar\u00e1nt megtal\u00e1lhat\u00f3ak l\u00e9zerv\u00e1gott \u00e9s fotok\u00e9miailag maratott sablonok (Olaszorsz\u00e1gban gy\u00e1rtott)<\/li>\n<li>Szakszer\u0171 \u00e9s prec\u00edz kommunik\u00e1c\u00f3, gyors probl\u00e9ma megold\u00e1s<\/li>\n<li>T\u00f6bb mint 10 \u00e9ves tapasztalat az SMT stencilgy\u00e1rt\u00e1s ter\u00e9n<\/li>\n<li>Magas min\u0151s\u00e9gi szabv\u00e1nyok, a legmodernebb technol\u00f3gi\u00e1val<\/li>\n<\/ul>\n<p><a class=\"button\" href=\"https:\/\/nds-service.com\/?page_id=3300&amp;lang=hu\">Tov\u00e1bb<\/a><\/p>\n<\/div>\n<\/div>\n<p>\n<\/div><\/div>\n<div class=\"section-full-width section-light parallax-fixed\" style=\"background-color:#f7f7f7;\" id=\"section-4\"><div style=\"background-image:url(http:\/\/nds-service.com\/wp-content\/uploads\/background_contact_us.jpg); opacity:0.2; filter: alpha(opacity=20);\" class=\"full-bg-image\" ><\/div><div class=\"section-boxed\" style=\"color:#777777;\"><div class=\"cta-element\"><h4 class=\"cta-small-title\">B\u00e1rmilyen k\u00e9rd\u00e9ssel keressen minket bizalommal, az alabbi e-mail c\u00edmen<\/h4><h2 class=\"cta-title\">OFFICE@NDS-SERVICE.COM<\/h2><a class=\"button\" href=\"mailto:OFFICE@NDS-SERVICE.COM\" target=\"_blank\">\u00cdrjon nek\u00fcnk<\/a><\/div>\n<\/div><\/div>\n","protected":false},"excerpt":{"rendered":"","protected":false},"author":1,"featured_media":0,"parent":0,"menu_order":0,"comment_status":"closed","ping_status":"closed","template":"template-full-custom.php","meta":{"footnotes":""},"class_list":["post-3193","page","type-page","status-publish","hentry"],"_links":{"self":[{"href":"https:\/\/nds-service.com\/index.php?rest_route=\/wp\/v2\/pages\/3193","targetHints":{"allow":["GET"]}}],"collection":[{"href":"https:\/\/nds-service.com\/index.php?rest_route=\/wp\/v2\/pages"}],"about":[{"href":"https:\/\/nds-service.com\/index.php?rest_route=\/wp\/v2\/types\/page"}],"author":[{"embeddable":true,"href":"https:\/\/nds-service.com\/index.php?rest_route=\/wp\/v2\/users\/1"}],"replies":[{"embeddable":true,"href":"https:\/\/nds-service.com\/index.php?rest_route=%2Fwp%2Fv2%2Fcomments&post=3193"}],"version-history":[{"count":0,"href":"https:\/\/nds-service.com\/index.php?rest_route=\/wp\/v2\/pages\/3193\/revisions"}],"wp:attachment":[{"href":"https:\/\/nds-service.com\/index.php?rest_route=%2Fwp%2Fv2%2Fmedia&parent=3193"}],"curies":[{"name":"wp","href":"https:\/\/api.w.org\/{rel}","templated":true}]}}