{"id":1638,"date":"2021-05-12T09:42:55","date_gmt":"2021-05-12T06:42:55","guid":{"rendered":"http:\/\/nds-service.com\/?page_id=1638"},"modified":"2024-08-26T14:55:03","modified_gmt":"2024-08-26T11:55:03","slug":"scan-stencil-ro","status":"publish","type":"page","link":"https:\/\/nds-service.com\/?page_id=1638","title":{"rendered":"Scan Stencil &#8211; RO"},"content":{"rendered":"<div class=\"section-full-width section-custom\" style=\"\" id=\"section-1\"><div class=\"section-boxed\" style=\"color:#;\"><\/p>\n<h5 style=\"text-align: center;\">Scan Stencil este o sta\u021bie de lucru independent\u0103, complet integrat\u0103, pentru m\u0103surarea \u0219i inspectarea PCB-urilor \u0219i \u0219abloanelor SMT \u00eenainte de produc\u021bie.<\/h5>\n<h5 style=\"text-align: center;\">Scan Stencil folose\u0219te un pachet software bazat pe Windows, integrat cu un scaner A3 calibrat, de rezolu\u021bie \u00eenalt\u0103. Aceast\u0103 combina\u021bie hardware si software permite inspectarea \u0219abloanelor SMT \u0219i a PCB-urilor, atat din punct de vedere al absen\u021bei\/prezen\u021bei a mii p\u00e2n\u0103 la milioane de aperturi, cat si a pozi\u021biei \u0219i dimensiunilor acestora.<\/h5>\n<h5 style=\"text-align: center;\">Oferim de asemenea servicii de PCB reverse engineering. Acest proces permite generarea unui fi\u0219ier Gerber care se potrive\u0219te perfect cu forma \u0219i func\u021bionalitatea pl\u0103cii originale.<\/h5>\n<p>\n<\/div><\/div>\n<div class=\"section-full-width section-light-bg parallax-fixed\" style=\"background-color:#f7f7f7;\" id=\"section-2\"><div style=\"background-image:url(http:\/\/nds-service.com\/wp-content\/uploads\/pcb.jpg); opacity:0.2; filter: alpha(opacity=20);\" class=\"full-bg-image\" ><\/div><div class=\"section-boxed\" style=\"color:#373737;\"><div class=\"services-wrapper services-default cols-wrapper cols-3 pexeto-parallax\"><div class=\"services-box col\"><div class=\"img-container\"><img decoding=\"async\" src=\"http:\/\/nds-service.com\/wp-content\/uploads\/Quality-col.png\" alt=\"Calitate\"\/><\/div><div class=\"services-content\"><div class=\"sc-wraper\"><h3>Calitate<\/h3><p>Inspec\u021bie 100% automat\u0103 a stencilurilor pentru absen\u021ba \/ prezen\u021ba, pozi\u021bia \u0219i dimensiunea aperturilor<\/p><\/div><\/div><\/div><div class=\"services-box col\"><div class=\"img-container\"><img decoding=\"async\" src=\"http:\/\/nds-service.com\/wp-content\/uploads\/Accuracy-col-1.png\" alt=\"Precizie\"\/><\/div><div class=\"services-content\"><div class=\"sc-wraper\"><h3>Precizie<\/h3><p>Sistem calibrat NIST. Verifica aperturi cu dimensiuni incepand de la 0,025mm (0,001\")<\/p><\/div><\/div><\/div><div class=\"services-box col nomargin\"><div class=\"img-container\"><img decoding=\"async\" src=\"http:\/\/nds-service.com\/wp-content\/uploads\/Usability-col.png\" alt=\"Aplicabilitate\"\/><\/div><div class=\"services-content\"><div class=\"sc-wraper\"><h3>Aplicabilitate<\/h3><p>Ajusta\u021bi datele Stencil Gerber pentru a se potrivi cu PCB-ul real; astfel puteti ob\u021bine o reducere cu 43% a defectelor de pasta (conform studiului publicat de Motorola \u00een revista SMT007)<\/p><\/div><\/div><\/div><div class=\"services-box col\"><div class=\"img-container\"><img decoding=\"async\" src=\"http:\/\/nds-service.com\/wp-content\/uploads\/Flexibility-col.png\" alt=\"Flexibilitate\"\/><\/div><div class=\"services-content\"><div class=\"sc-wraper\"><h3>Flexibilitate<\/h3><p>Utiliza\u021bi un singur sistem pentru inspec\u021bia \u0219i m\u0103surarea stencilurilor, PCB-urilor, paletelor, sculelor, componentelor etc.<\/p><\/div><\/div><\/div><div class=\"services-box col\"><div class=\"img-container\"><img decoding=\"async\" src=\"http:\/\/nds-service.com\/wp-content\/uploads\/Traceability-col.png\" alt=\"Trasabilitate\"\/><\/div><div class=\"services-content\"><div class=\"sc-wraper\"><h3>Trasabilitate<\/h3><p>Stoca\u021bi imagini \u0219i date de inspec\u021bie pentru trasabilitate \u00een sprijinul ISO \u0219i altor programe de conformitate<\/p><\/div><\/div><\/div><div class=\"services-box col nomargin\"><div class=\"img-container\"><img decoding=\"async\" src=\"http:\/\/nds-service.com\/wp-content\/uploads\/reverse-engineering.png\" alt=\"Reverse Engineering\"\/><\/div><div class=\"services-content\"><div class=\"sc-wraper\"><h3>Reverse Engineering<\/h3><p>Generarea unui fisier Gerber care se potriveste perfect cu forma \u0219i func\u021bionalitatea \u0219ablonului SMT sau a PCB-ului\r\n<\/p><\/div><\/div><\/div><div class=\"clear\"><\/div><\/div>\n<\/div><\/div>\n<div class=\"section-full-width section-dark parallax-fixed\" style=\"background-color:#1A3954;\" id=\"section-3\"><div style=\"background-image:url(http:\/\/nds-service.com\/wp-content\/uploads\/2017\/12\/image.jpg); opacity:0.2; filter: alpha(opacity=20);\" class=\"full-bg-image\" ><\/div><div class=\"section-boxed\" style=\"color:#ffffff;\"><div class=\"services-wrapper services-boxed-photo cols-wrapper cols-4\"><div class=\"services-box col\"><div class=\"img-container\"><img decoding=\"async\" src=\"http:\/\/nds-service.com\/wp-content\/uploads\/scan-cad-1-1.jpg\" alt=\"Ce este ScanSTENCIL?\"\/><\/div><div class=\"services-content\"><div class=\"sc-wraper\"><h3>Ce este ScanSTENCIL?<\/h3><p>ScanSTENCIL folose\u0219te un pachet software bazat pe Windows, integrat cu un scaner A3 calibrat, de rezolu\u021bie \u00eenalt\u0103. <\/p><\/div><\/div><\/div><div class=\"services-box col\"><div class=\"services-content\"><div class=\"sc-wraper\"><h3>Verificare<\/h3><p><p>Absen\u021ba\/prezen\u021ba aperturilor\r\n<p>Confirm\u0103 pozi\u021bia corect\u0103 a aperturilor\r\n<p>Confirm\u0103 forma \u0219i dimensiunea aperturilor\r\n<p>Compar\u0103 stencil\/PCB vs. Gerber\r\n<p>Compar\u0103 stencil\/PCB vs. stencil\/PCB\r\n<p>Creaz\u0103 fi\u0219iere Stencil dup\u0103 pl\u0103ci\/filme\r\n<p>Func\u021bii automate pentru accelerarea procesului de inspec\u021bie<\/p><\/div><\/div><\/div><div class=\"services-box col\"><div class=\"img-container\"><img decoding=\"async\" src=\"http:\/\/nds-service.com\/wp-content\/uploads\/auto-feat-1-jpg.webp\" alt=\"Caracteristici automate\"\/><\/div><div class=\"services-content\"><div class=\"sc-wraper\"><h3>Caracteristici automate<\/h3><p>Te-ai s\u0103turat s\u0103 folose\u0219ti metode manuale lente pentru inspec\u021bie?\r\nScanSTENCIL ofer\u0103 func\u021bii variate care creeaz\u0103 rapid \u0219i automat datele necesare pentru verificare (inclusv Gerber).<\/p><\/div><\/div><\/div><div class=\"services-box col nomargin\"><div class=\"services-content\"><div class=\"sc-wraper\"><h3>Aplica\u021bii suplimentare <\/h3><p><p>Creeaz\u0103 fi\u0219iere Gerber, precum \u0219i alte tipuri de fi\u0219iere (Silkscreen, Soldermask, Padmaster, Stencil, imagini panelizate, DXF, Gerber-274x etc.).\r\n<p>Permite compararea rapid\u0103 \u0219i precis\u0103 a stencilurilor cu PCB-urile f\u0103r\u0103 componente, aduc\u00e2nd automatizarea \u0219i productivitatea crescut\u0103 departamentelor QC.<\/p><\/div><\/div><\/div><div class=\"clear\"><\/div><\/div>\n<\/div><\/div>\n<div class=\"section-full-width section-light parallax-fixed\" style=\"background-color:#f7f7f7;\" id=\"section-4\"><div style=\"background-image:url(http:\/\/nds-service.com\/wp-content\/uploads\/background_contact_us.jpg); opacity:0.2; filter: alpha(opacity=20);\" class=\"full-bg-image\" ><\/div><div class=\"section-boxed\" style=\"color:#777777;\"><div class=\"cta-element\"><h4 class=\"cta-small-title\">Pentru orice \u00eentrebare pute\u021bi s\u0103 ne trimite\u021bi un e-mail la<\/h4><h2 class=\"cta-title\">STENCIL@STV-GROUP.COM<\/h2><a class=\"button\" href=\"mailto:stencil@stv-group.com\" target=\"_blank\">contacta\u021bi-ne<\/a><\/div>\n<\/div><\/div>\n","protected":false},"excerpt":{"rendered":"","protected":false},"author":1,"featured_media":0,"parent":0,"menu_order":0,"comment_status":"closed","ping_status":"closed","template":"template-full-custom.php","meta":{"footnotes":""},"class_list":["post-1638","page","type-page","status-publish","hentry"],"_links":{"self":[{"href":"https:\/\/nds-service.com\/index.php?rest_route=\/wp\/v2\/pages\/1638","targetHints":{"allow":["GET"]}}],"collection":[{"href":"https:\/\/nds-service.com\/index.php?rest_route=\/wp\/v2\/pages"}],"about":[{"href":"https:\/\/nds-service.com\/index.php?rest_route=\/wp\/v2\/types\/page"}],"author":[{"embeddable":true,"href":"https:\/\/nds-service.com\/index.php?rest_route=\/wp\/v2\/users\/1"}],"replies":[{"embeddable":true,"href":"https:\/\/nds-service.com\/index.php?rest_route=%2Fwp%2Fv2%2Fcomments&post=1638"}],"version-history":[{"count":0,"href":"https:\/\/nds-service.com\/index.php?rest_route=\/wp\/v2\/pages\/1638\/revisions"}],"wp:attachment":[{"href":"https:\/\/nds-service.com\/index.php?rest_route=%2Fwp%2Fv2%2Fmedia&parent=1638"}],"curies":[{"name":"wp","href":"https:\/\/api.w.org\/{rel}","templated":true}]}}