{"id":336,"date":"2017-11-02T17:11:29","date_gmt":"2017-11-02T14:11:29","guid":{"rendered":"http:\/\/http:\/\/test.nds-service.com?page_id=336"},"modified":"2026-03-03T14:10:24","modified_gmt":"2026-03-03T11:10:24","slug":"filme-ro","status":"publish","type":"page","link":"http:\/\/nds-service.com\/?page_id=336","title":{"rendered":"Filme &#8211; RO"},"content":{"rendered":"<div class=\"section-full-width section-custom parallax-fixed\" style=\"\" id=\"section-1\"><div class=\"section-boxed\" style=\"color:#;\"><\/p>\n<h5 style=\"text-align: center;\" data-sourcepos=\"3:1-3:77\">Barco Gigasetter este un plotter laser de mari dimensiuni, cu tambur extern. \u00cenc\u0103rcarea automat\u0103 a filmelor maximizeaz\u0103 acurate\u021bea \u0219i fiabilitatea produsului finit.<\/h5>\n<h5 style=\"text-align: center;\" data-sourcepos=\"5:1-5:18\">Barco Gigasetter stabile\u0219te standardul \u00een plotarea filmelor de mari dimensiuni (1600 x 2450 mm). Viteza \u0219i calitatea sunt esen\u021biale \u00een imprimarea filmelor de dimensiuni at\u00e2t de mari. Gigasetter-ul utilizeaz\u0103 un sistem optic cu raze laser \u0219i rezolu\u021bie variabil\u0103 de la 1000 la 20000 dpi.<\/h5>\n<h5 style=\"text-align: center;\" data-sourcepos=\"7:1-7:179\">Filmele fotografice au variate aplica\u021bii industriale: pl\u0103ci cu circuite imprimate, \u0219abloane, serigrafie (industria parbrizelor auto), panelurilor LCD, fotogravur\u0103 chimic\u0103 etc.<\/h5>\n<h5 style=\"text-align: center;\"><\/h5>\n<p>\n<\/div><\/div>\n<div class=\"section-full-width undefined parallax-fixed\" style=\"background-color:#777;\" id=\"section-2\"><div class=\"section-boxed\" style=\"color:#777777;\"><div class=\"_df_book df-lite\" id=\"df_3635\"  _slug=\"stabilitatea-dimensionala-a-filmelor\" data-title=\"stabilitatea-dimensionala-a-filmelor\" wpoptions=\"true\" thumbtype=\"\" ><\/div><script class=\"df-shortcode-script\" nowprocket type=\"application\/javascript\">window.option_df_3635 = {\"webgl\":\"false\",\"outline\":[],\"backgroundColor\":\"#777\",\"autoEnableOutline\":\"true\",\"autoEnableThumbnail\":\"false\",\"overwritePDFOutline\":\"false\",\"enableDownload\":\"false\",\"direction\":\"1\",\"pageSize\":\"0\",\"soundEnable\":\"false\",\"source\":\"http:\\\/\\\/nds-service.com\\\/wp-content\\\/uploads\\\/Stabilitatea-dimensionala-a-filmelor.pdf\",\"wpOptions\":\"true\"}; if(window.DFLIP && window.DFLIP.parseBooks){window.DFLIP.parseBooks();}<\/script>\n<\/div><\/div>\n<div class=\"section-full-width section-light\" style=\"background-color:#f7f7f7; min-height:800px;\" id=\"section-3\"><div class=\"section-boxed\" style=\"color:#777777;\"><\/div><\/div>\n<div class=\"section-full-width section-light2\" style=\"background-color:#f7f7f7;\" id=\"section-4\"><div class=\"section-boxed\" style=\"color:#777777;\"><div class=\"services-wrapper services-icon cols-wrapper cols-3 pexeto-parallax\"><div class=\"services-box col\"><div class=\"img-container\"><img decoding=\"async\" src=\"http:\/\/nds-service.com\/wp-content\/uploads\/resolution-130x130.png\" alt=\"Rezolu\u021bii\"\/><\/div><div class=\"services-content\"><div class=\"sc-wraper\"><h3>Rezolu\u021bii<\/h3><p>\u00centre 2000 \u0219i 20000 dpi<\/p><\/div><\/div><\/div><div class=\"services-box col\"><div class=\"img-container\"><img decoding=\"async\" src=\"http:\/\/nds-service.com\/wp-content\/uploads\/large-format-130x130.png\" alt=\"Dimensiuni mari\"\/><\/div><div class=\"services-content\"><div class=\"sc-wraper\"><h3>Dimensiuni mari<\/h3><p>P\u00e2n\u0103 la 1600 x 2450 mm (63 x 98.5'')<\/p><\/div><\/div><\/div><div class=\"services-box col nomargin\"><div class=\"img-container\"><img decoding=\"async\" src=\"http:\/\/nds-service.com\/wp-content\/uploads\/clean-room-130x130.png\" alt=\"Camer\u0103 alb\u0103\"\/><\/div><div class=\"services-content\"><div class=\"sc-wraper\"><h3>Camer\u0103 alb\u0103<\/h3><p>Mediu curat \u0219i controlat<\/p><\/div><\/div><\/div><div class=\"clear\"><\/div><\/div>\n<\/div><\/div>\n<div class=\"services-wrapper services-fullbox cols-wrapper cols-4\" style=\"background-color:#252525;color:#ffffff;\"><div class=\"services-box col services-no-content\"><div class=\"img-container\"><img decoding=\"async\" src=\"http:\/\/nds-service.com\/wp-content\/uploads\/plot_ftc-468x312.png\" alt=\"\"\/><\/div><div class=\"services-content\"><div class=\"sc-wraper\"><\/div><\/div><\/div><div class=\"services-box col\"><div class=\"services-content\"><div class=\"sc-wraper\"><h3>Pie\u021be deservite<\/h3><p>Automotive<\/br>\r\nDesign<\/br>\r\nComunica\u021bii<\/br>\r\nIndustria aerospa\u021bial\u0103<\/br>\r\nProduse de consum<\/br><\/p><\/div><\/div><\/div><div class=\"services-box col services-no-content\"><div class=\"img-container\"><img decoding=\"async\" src=\"http:\/\/nds-service.com\/wp-content\/uploads\/plot_vetri-468x312.png\" alt=\"\"\/><\/div><div class=\"services-content\"><div class=\"sc-wraper\"><\/div><\/div><\/div><div class=\"services-box col nomargin services-no-content\"><div class=\"img-container\"><img decoding=\"async\" src=\"http:\/\/nds-service.com\/wp-content\/uploads\/plot_electro-468x312.png\" alt=\"\"\/><\/div><div class=\"services-content\"><div class=\"sc-wraper\"><\/div><\/div><\/div><div class=\"services-box col services-no-content\"><div class=\"img-container\"><img decoding=\"async\" src=\"http:\/\/nds-service.com\/wp-content\/uploads\/plot_caino-468x312.png\" alt=\"\"\/><\/div><div class=\"services-content\"><div class=\"sc-wraper\"><\/div><\/div><\/div><div class=\"services-box col services-no-content\"><div class=\"img-container\"><img decoding=\"async\" src=\"http:\/\/nds-service.com\/wp-content\/uploads\/DSCN4652-1-468x312.jpg\" alt=\"\"\/><\/div><div class=\"services-content\"><div class=\"sc-wraper\"><\/div><\/div><\/div><div class=\"services-box col\"><div class=\"services-content\"><div class=\"sc-wraper\"><h3>Controlul calit\u0103\u021bii<\/h3><p>Acurate\u021be geometric\u0103<\/br>\r\nAcurate\u021be dimensional\u0103<\/br>\r\nDensitatea de negru<\/br><\/p><\/div><\/div><\/div><div class=\"services-box col nomargin services-no-content\"><div class=\"img-container\"><img decoding=\"async\" src=\"http:\/\/nds-service.com\/wp-content\/uploads\/plotter-1700x463-468x312.jpg\" alt=\"\"\/><\/div><div class=\"services-content\"><div class=\"sc-wraper\"><\/div><\/div><\/div><div class=\"clear\"><\/div><\/div>\n<div class=\"section-full-width section-light parallax-fixed\" style=\"background-color:#f7f7f7;\" id=\"section-5\"><div style=\"background-image:url(http:\/\/nds-service.com\/wp-content\/uploads\/background_contact_us.jpg); opacity:0.2; filter: alpha(opacity=20);\" class=\"full-bg-image\" ><\/div><div class=\"section-boxed\" style=\"color:#777777;\"><div class=\"cta-element\"><h4 class=\"cta-small-title\">Pentru orice \u00eentrebare pute\u021bi s\u0103 ne trimite\u021bi un e-mail la<\/h4><h2 class=\"cta-title\">STENCIL@STV-GROUP.COM<\/h2><a class=\"button\" href=\"mailto:stencil@stv-group.com\" target=\"_blank\">contacta\u021bi-ne<\/a><\/div>\n<\/div><\/div>\n","protected":false},"excerpt":{"rendered":"","protected":false},"author":1,"featured_media":0,"parent":0,"menu_order":0,"comment_status":"closed","ping_status":"closed","template":"template-full-custom.php","meta":{"footnotes":""},"class_list":["post-336","page","type-page","status-publish","hentry"],"_links":{"self":[{"href":"http:\/\/nds-service.com\/index.php?rest_route=\/wp\/v2\/pages\/336","targetHints":{"allow":["GET"]}}],"collection":[{"href":"http:\/\/nds-service.com\/index.php?rest_route=\/wp\/v2\/pages"}],"about":[{"href":"http:\/\/nds-service.com\/index.php?rest_route=\/wp\/v2\/types\/page"}],"author":[{"embeddable":true,"href":"http:\/\/nds-service.com\/index.php?rest_route=\/wp\/v2\/users\/1"}],"replies":[{"embeddable":true,"href":"http:\/\/nds-service.com\/index.php?rest_route=%2Fwp%2Fv2%2Fcomments&post=336"}],"version-history":[{"count":13,"href":"http:\/\/nds-service.com\/index.php?rest_route=\/wp\/v2\/pages\/336\/revisions"}],"predecessor-version":[{"id":3693,"href":"http:\/\/nds-service.com\/index.php?rest_route=\/wp\/v2\/pages\/336\/revisions\/3693"}],"wp:attachment":[{"href":"http:\/\/nds-service.com\/index.php?rest_route=%2Fwp%2Fv2%2Fmedia&parent=336"}],"curies":[{"name":"wp","href":"https:\/\/api.w.org\/{rel}","templated":true}]}}